{"id":124,"date":"2021-02-25T17:30:18","date_gmt":"2021-02-25T16:30:18","guid":{"rendered":"http:\/\/www.asvzh.ch\/?page_id=124"},"modified":"2025-03-02T19:22:44","modified_gmt":"2025-03-02T18:22:44","slug":"feldschiessen-300m","status":"publish","type":"page","link":"https:\/\/www.asvzh.ch\/?page_id=124","title":{"rendered":"Feldschiessen 300m"},"content":{"rendered":"\n<h2 class=\"wp-block-heading\">Programm<\/h2>\n\n\n\n<ul class=\"wp-block-list\">\n<li>Einzelfeuer. Es werden 6 Schuss innert 6 Minuten abgefeuert und einzeln gezeigt.<\/li>\n\n\n\n<li>Kurzfeuer. Es werden zwei mal je 3 Sch\u00fcsse in je 60 Sekunden abgefeuert. Gezeigt wird nach je 3 Sch\u00fcssen.<\/li>\n\n\n\n<li>Schnellfeuer. Es werden 6 Sch\u00fcsse in 60 Sekunden abgegeben. Am Schluss wird gezeigt.<\/li>\n<\/ul>\n\n\n\n<h2 class=\"wp-block-heading\" id=\"block-07282759-23ad-40ba-b081-aa0d095d8260\"><br>Schiessdaten 2025<\/h2>\n\n\n\n<p><\/p>\n\n\n\n<ul id=\"block-0a8ec4a5-6736-4ec5-86df-807947ae42ff\" class=\"wp-block-list\">\n<li>23. Mai 2025 17-19 Uhr<\/li>\n\n\n\n<li>24. Mai 2025 10-12 Uhr und 14-16 Uhr<\/li>\n<\/ul>\n\n\n\n<h2 class=\"wp-block-heading\" id=\"block-07282759-23ad-40ba-b081-aa0d095d8260\"><br>Wo?<\/h2>\n\n\n\n<p>Schiessanlage Albisg\u00fctli, \u00dcetlibergstrasse 331, 8045 Z\u00fcrich  <\/p>\n","protected":false},"excerpt":{"rendered":"<p>Programm Schiessdaten 2025 Wo? Schiessanlage Albisg\u00fctli, \u00dcetlibergstrasse 331, 8045 Z\u00fcrich<\/p>\n","protected":false},"author":1,"featured_media":0,"parent":117,"menu_order":2,"comment_status":"closed","ping_status":"closed","template":"","meta":{"footnotes":""},"class_list":["post-124","page","type-page","status-publish","hentry"],"_links":{"self":[{"href":"https:\/\/www.asvzh.ch\/index.php?rest_route=\/wp\/v2\/pages\/124","targetHints":{"allow":["GET"]}}],"collection":[{"href":"https:\/\/www.asvzh.ch\/index.php?rest_route=\/wp\/v2\/pages"}],"about":[{"href":"https:\/\/www.asvzh.ch\/index.php?rest_route=\/wp\/v2\/types\/page"}],"author":[{"embeddable":true,"href":"https:\/\/www.asvzh.ch\/index.php?rest_route=\/wp\/v2\/users\/1"}],"replies":[{"embeddable":true,"href":"https:\/\/www.asvzh.ch\/index.php?rest_route=%2Fwp%2Fv2%2Fcomments&post=124"}],"version-history":[{"count":9,"href":"https:\/\/www.asvzh.ch\/index.php?rest_route=\/wp\/v2\/pages\/124\/revisions"}],"predecessor-version":[{"id":205,"href":"https:\/\/www.asvzh.ch\/index.php?rest_route=\/wp\/v2\/pages\/124\/revisions\/205"}],"up":[{"embeddable":true,"href":"https:\/\/www.asvzh.ch\/index.php?rest_route=\/wp\/v2\/pages\/117"}],"wp:attachment":[{"href":"https:\/\/www.asvzh.ch\/index.php?rest_route=%2Fwp%2Fv2%2Fmedia&parent=124"}],"curies":[{"name":"wp","href":"https:\/\/api.w.org\/{rel}","templated":true}]}}