{"id":121,"date":"2021-02-25T17:23:30","date_gmt":"2021-02-25T16:23:30","guid":{"rendered":"http:\/\/www.asvzh.ch\/?page_id=121"},"modified":"2025-03-02T19:21:12","modified_gmt":"2025-03-02T18:21:12","slug":"obligatorisches-programm-300m","status":"publish","type":"page","link":"https:\/\/www.asvzh.ch\/?page_id=121","title":{"rendered":"Obligatorisches Programm 300m"},"content":{"rendered":"\n<div class=\"wp-block-group\"><div class=\"wp-block-group__inner-container is-layout-flow wp-block-group-is-layout-flow\">\n<h2 class=\"wp-block-heading has-large-font-size\">Programm<\/h2>\n\n\n\n<ul class=\"wp-block-list\">\n<li>5 Schuss: Einzelfeuer Scheibe A5<\/li>\n\n\n\n<li>5 Schuss: Einzelfeuer Scheibe B4<\/li>\n\n\n\n<li>1 x 2 Schuss: Schnellfeuer Scheibe B4<\/li>\n\n\n\n<li>1 x 3 Schuss: Schnellfeuer Scheibe B4<\/li>\n\n\n\n<li>1 x 5 Schuss: Schnellfeuer Scheibe B4<br>&nbsp;<\/li>\n<\/ul>\n<\/div><\/div>\n\n\n\n<div class=\"wp-block-group\"><div class=\"wp-block-group__inner-container is-layout-flow wp-block-group-is-layout-flow\">\n<p><strong>Die Schiesspflicht gilt als bestanden wenn:<\/strong><\/p>\n\n\n\n<ul class=\"wp-block-list\">\n<li>mindestens 42 Punkte erreicht wurden und<\/li>\n\n\n\n<li>h\u00f6chstens 3 Nuller geschossen wurden.<\/li>\n<\/ul>\n\n\n\n<p><strong>Zur Erf\u00fcllung der Schiesspflicht sind mitzunehmen:<\/strong><\/p>\n\n\n\n<ul class=\"wp-block-list\">\n<li>Aufforderungsschreiben mit den Klebeetiketten;<\/li>\n\n\n\n<li>Dienstb\u00fcchlein;<\/li>\n\n\n\n<li>Schiessb\u00fcchlein oder milit\u00e4rischer Leistungsausweis;<\/li>\n\n\n\n<li>Amtlicher Ausweis;<\/li>\n\n\n\n<li>Pers\u00f6nliche Dienstwaffe mit Putzzeug;<\/li>\n\n\n\n<li>Pers\u00f6nlicher Geh\u00f6rschutz.<\/li>\n<\/ul>\n<\/div><\/div>\n\n\n\n<div class=\"wp-block-group\"><div class=\"wp-block-group__inner-container is-layout-flow wp-block-group-is-layout-flow\">\n<p class=\"has-large-font-size\"><strong>Schiessdaten 2025<\/strong><\/p>\n\n\n\n<div class=\"wp-block-group\"><div class=\"wp-block-group__inner-container is-layout-flow wp-block-group-is-layout-flow\">\n<ul class=\"wp-block-list\">\n<li>03. Mai 2025 08 &#8211; 12 Uhr<\/li>\n\n\n\n<li>14. Juni 2025 08 &#8211; 12 Uhr 14 &#8211; 16 Uhr<\/li>\n\n\n\n<li>05. Juli 2025 08 &#8211; 12 Uhr 14 &#8211; 16 Uhr<\/li>\n\n\n\n<li>23. August 2025 08 &#8211; 12 Uhr<\/li>\n<\/ul>\n\n\n\n<div class=\"wp-block-group\"><div class=\"wp-block-group__inner-container is-layout-flow wp-block-group-is-layout-flow\">\n<p><strong>Standblattausgabe bis \u00bd Stunde vor Schiessende!!<\/strong><\/p>\n\n\n\n<p>(Bei starkem Andrang wird das B\u00fcro fr\u00fchzeitig geschlossen)<\/p>\n<\/div><\/div>\n\n\n\n<p><\/p>\n<\/div><\/div>\n<\/div><\/div>\n\n\n\n<div class=\"wp-block-group\"><div class=\"wp-block-group__inner-container is-layout-flow wp-block-group-is-layout-flow\">\n<div class=\"wp-block-group\"><div class=\"wp-block-group__inner-container is-layout-flow wp-block-group-is-layout-flow\">\n<div class=\"wp-block-group\"><div class=\"wp-block-group__inner-container is-layout-flow wp-block-group-is-layout-flow\">\n<p class=\"has-large-font-size\"><strong>Wo?<\/strong><\/p>\n\n\n\n<p>Schiessanlage Albisg\u00fctli, \u00dcetlibergstrasse 331, 8045 Z\u00fcrich<\/p>\n<\/div><\/div>\n\n\n\n<p><\/p>\n<\/div><\/div>\n\n\n\n<p><\/p>\n<\/div><\/div>\n","protected":false},"excerpt":{"rendered":"<p>Programm Die Schiesspflicht gilt als bestanden wenn: Zur Erf\u00fcllung der Schiesspflicht sind mitzunehmen: Schiessdaten 2025 Standblattausgabe bis \u00bd Stunde vor Schiessende!! (Bei starkem Andrang wird das B\u00fcro fr\u00fchzeitig geschlossen) Wo? Schiessanlage Albisg\u00fctli, \u00dcetlibergstrasse 331, 8045 Z\u00fcrich<\/p>\n","protected":false},"author":1,"featured_media":0,"parent":117,"menu_order":1,"comment_status":"closed","ping_status":"closed","template":"","meta":{"footnotes":""},"class_list":["post-121","page","type-page","status-publish","hentry"],"_links":{"self":[{"href":"https:\/\/www.asvzh.ch\/index.php?rest_route=\/wp\/v2\/pages\/121","targetHints":{"allow":["GET"]}}],"collection":[{"href":"https:\/\/www.asvzh.ch\/index.php?rest_route=\/wp\/v2\/pages"}],"about":[{"href":"https:\/\/www.asvzh.ch\/index.php?rest_route=\/wp\/v2\/types\/page"}],"author":[{"embeddable":true,"href":"https:\/\/www.asvzh.ch\/index.php?rest_route=\/wp\/v2\/users\/1"}],"replies":[{"embeddable":true,"href":"https:\/\/www.asvzh.ch\/index.php?rest_route=%2Fwp%2Fv2%2Fcomments&post=121"}],"version-history":[{"count":13,"href":"https:\/\/www.asvzh.ch\/index.php?rest_route=\/wp\/v2\/pages\/121\/revisions"}],"predecessor-version":[{"id":204,"href":"https:\/\/www.asvzh.ch\/index.php?rest_route=\/wp\/v2\/pages\/121\/revisions\/204"}],"up":[{"embeddable":true,"href":"https:\/\/www.asvzh.ch\/index.php?rest_route=\/wp\/v2\/pages\/117"}],"wp:attachment":[{"href":"https:\/\/www.asvzh.ch\/index.php?rest_route=%2Fwp%2Fv2%2Fmedia&parent=121"}],"curies":[{"name":"wp","href":"https:\/\/api.w.org\/{rel}","templated":true}]}}