{"id":117,"date":"2021-02-25T17:21:02","date_gmt":"2021-02-25T16:21:02","guid":{"rendered":"http:\/\/www.asvzh.ch\/?page_id=117"},"modified":"2025-03-02T19:27:26","modified_gmt":"2025-03-02T18:27:26","slug":"bundesuebungen","status":"publish","type":"page","link":"https:\/\/www.asvzh.ch\/?page_id=117","title":{"rendered":"Bundes\u00fcbungen"},"content":{"rendered":"\n<p class=\"has-medium-font-size\"><strong>2025 sind folgende Angeh\u00f6rige der Armee schiesspflichtig:<\/strong><\/p>\n\n\n\n<p>Soldaten, Gefreite, Korporale, Wachtmeister, Oberwachtmeister und Subalternoffiziere (Lt\/Oblt), welche 2024 oder fr\u00fcher die Rekrutenschule absolviert haben.<\/p>\n\n\n\n<p>Die Schiesspflicht dauert bis zum Jahre vor der Entlassung aus der Armee, l\u00e4ngst jedoch bis zum Ende des Jahres, in dem sie das 34. Altersjahr vollenden.<\/p>\n\n\n\n<p>Armeeangeh\u00f6rige, welche 2025 aus der Armee entlassen werden, sind nicht mehr schiesspflichtig.<\/p>\n\n\n\n<p>Subalternoffiziere k\u00f6nnen zwischen dem Obligatorischen Programm 300 Meter (Stgw) oder 25 Meter (Pistole) w\u00e4hlen. Bestehen sie die Schiesspflicht auf die Distanz 25 Meter nicht, so m\u00fcssen sie das Obligatorische Programm auf 300 Meter schiessen.<\/p>\n\n\n\n<p><\/p>\n","protected":false},"excerpt":{"rendered":"<p>2025 sind folgende Angeh\u00f6rige der Armee schiesspflichtig: Soldaten, Gefreite, Korporale, Wachtmeister, Oberwachtmeister und Subalternoffiziere (Lt\/Oblt), welche 2024 oder fr\u00fcher die Rekrutenschule absolviert haben. Die Schiesspflicht dauert bis zum Jahre vor der Entlassung aus der Armee, l\u00e4ngst jedoch bis zum Ende des Jahres, in dem sie das 34. Altersjahr vollenden. Armeeangeh\u00f6rige, welche 2025 aus der Armee entlassen werden, sind nicht mehr<\/p>\n","protected":false},"author":1,"featured_media":0,"parent":0,"menu_order":0,"comment_status":"closed","ping_status":"closed","template":"","meta":{"footnotes":""},"class_list":["post-117","page","type-page","status-publish","hentry"],"_links":{"self":[{"href":"https:\/\/www.asvzh.ch\/index.php?rest_route=\/wp\/v2\/pages\/117","targetHints":{"allow":["GET"]}}],"collection":[{"href":"https:\/\/www.asvzh.ch\/index.php?rest_route=\/wp\/v2\/pages"}],"about":[{"href":"https:\/\/www.asvzh.ch\/index.php?rest_route=\/wp\/v2\/types\/page"}],"author":[{"embeddable":true,"href":"https:\/\/www.asvzh.ch\/index.php?rest_route=\/wp\/v2\/users\/1"}],"replies":[{"embeddable":true,"href":"https:\/\/www.asvzh.ch\/index.php?rest_route=%2Fwp%2Fv2%2Fcomments&post=117"}],"version-history":[{"count":7,"href":"https:\/\/www.asvzh.ch\/index.php?rest_route=\/wp\/v2\/pages\/117\/revisions"}],"predecessor-version":[{"id":208,"href":"https:\/\/www.asvzh.ch\/index.php?rest_route=\/wp\/v2\/pages\/117\/revisions\/208"}],"wp:attachment":[{"href":"https:\/\/www.asvzh.ch\/index.php?rest_route=%2Fwp%2Fv2%2Fmedia&parent=117"}],"curies":[{"name":"wp","href":"https:\/\/api.w.org\/{rel}","templated":true}]}}